{"id":485,"date":"2016-09-20T09:05:00","date_gmt":"2016-09-20T09:05:00","guid":{"rendered":"http:\/\/www.sanra.es\/?page_id=485"},"modified":"2025-11-08T21:56:43","modified_gmt":"2025-11-08T20:56:43","slug":"politica-de-cookies","status":"publish","type":"page","link":"https:\/\/www.jorgeaj.com\/dev\/manuelsanchez\/sanra\/politica-de-cookies\/","title":{"rendered":"politica-de-cookies"},"content":{"rendered":"<h1 style=\"margin-block-end: 40px;\">POL\u00cdTICA DE COOKIES<\/h1>\n<h2><strong>Qu\u00e9 son las cookies?<\/strong><\/h2>\n<p>Una cookie es un fichero que se descarga en su ordenador al acceder a determinadas p\u00e1ginas web. Las cookies permiten a una p\u00e1gina web, entre otras cosas, almacenar y recuperar informaci\u00f3n sobre los h\u00e1bitos de navegaci\u00f3n de un usuario o de su equipo y, dependiendo de la informaci\u00f3n que contengan y de la forma en que utilice su equipo, pueden utilizarse para reconocer al usuario.<\/p>\n<h2><strong>Tipo de cookies que utiliza la p\u00e1gina web y su finalidad<\/strong><\/h2>\n<ul>\n<li>Cookies t\u00e9cnicas: Son aqu\u00e9llas que permiten al usuario la navegaci\u00f3n a trav\u00e9s de una p\u00e1gina web, plataforma o aplicaci\u00f3n y la utilizaci\u00f3n de las diferentes opciones servicios que en ella existan como, por ejemplo, controlar el tr\u00e1fico y la comunicaci\u00f3n de datos, identificar la sesi\u00f3n, acceder a partes de acceso restringido, realizar la solicitud de inscripci\u00f3n o participaci\u00f3n en un evento, utilizar elementos de seguridad durante la navegaci\u00f3n, almacenar contenidos para la difusi\u00f3n de videos o sonido o compartir contenidos a trav\u00e9s de redes sociales.<\/li>\n<\/ul>\n<ul>\n<li>Otras cookies de terceros: En algunas de nuestras p\u00e1ginas se pueden instalar cookies de terceros que permitan gestionar y mejorar los servicios que \u00e9stos ofrecen.<\/li>\n<\/ul>\n<p>&nbsp;<\/p>\n<p>COOKIES\u00a0 api.pinterest.com<\/p>\n<table>\n<tbody>\n<tr>\n<td width=\"335\"><strong>_ir<\/strong><\/td>\n<td width=\"334\">Cookie.<\/p>\n<p>Caducidad 30 minutos.<\/td>\n<\/tr>\n<\/tbody>\n<\/table>\n<p>COOKIES\u00a0 cdn.syndication.twimg.com<\/p>\n<table>\n<tbody>\n<tr>\n<td width=\"335\"><strong>lang<\/strong><\/td>\n<td width=\"334\">Cookie.<\/p>\n<p>Caducidad al finalizar sesi\u00f3n.<\/td>\n<\/tr>\n<\/tbody>\n<\/table>\n<p>COOKIES\u00a0 .doubleclick.net<\/p>\n<table>\n<tbody>\n<tr>\n<td width=\"335\"><strong>IDE<\/strong><\/td>\n<td width=\"334\">Cookie.<\/p>\n<p>Caducidad 1 a\u00f1o.<\/td>\n<\/tr>\n<tr>\n<td width=\"335\"><strong>test_cookie<\/strong><\/td>\n<td width=\"334\">Cookie.<\/p>\n<p>Caducidad inicio sesi\u00f3n.<\/td>\n<\/tr>\n<\/tbody>\n<\/table>\n<p>&nbsp;<\/p>\n<p>COOKIES\u00a0 .youtube.com<\/p>\n<table>\n<tbody>\n<tr>\n<td width=\"335\"><strong>GPS<\/strong><\/td>\n<td width=\"334\">Cookie.<\/p>\n<p>Caducidad 30 minutos.<\/td>\n<\/tr>\n<tr>\n<td width=\"335\"><strong>VISITOR_INFO1_LIVE<\/strong><\/td>\n<td width=\"334\">Cookie.<\/p>\n<p>Caducidad 6 meses.<\/td>\n<\/tr>\n<tr>\n<td width=\"335\"><strong>YSC<\/strong><\/td>\n<td width=\"334\">Cookie.<\/p>\n<p>Caducidad 1al finalizar sesi\u00f3n.<\/td>\n<\/tr>\n<tr>\n<td width=\"335\"><strong>remote_sid<\/strong><\/td>\n<td width=\"334\">Cookie.<\/p>\n<p>Caducidad inicio sesi\u00f3n.<\/td>\n<\/tr>\n<tr>\n<td width=\"335\"><strong>VISITOR_PRIVACY_METADATA<\/strong><\/td>\n<td width=\"334\">Cookie.<\/p>\n<p>Caducidad 6 meses.<\/td>\n<\/tr>\n<tr>\n<td width=\"335\"><strong>__Secure-YEC<\/strong><\/td>\n<td width=\"334\">Cookie.<\/p>\n<p>Caducidad inicio sesi\u00f3n.<\/td>\n<\/tr>\n<\/tbody>\n<\/table>\n<p>&nbsp;<\/p>\n<p>COOKIES\u00a0 www.youtube.com<\/p>\n<table>\n<tbody>\n<tr>\n<td width=\"335\"><strong>TESTCOOKIESENABLED<\/strong><\/td>\n<td width=\"334\">Cookie.<\/p>\n<p>Caducidad 1 minuto.<\/td>\n<\/tr>\n<tr>\n<td width=\"335\"><strong>LAST_RESULT_ENTRY_KEY<\/strong><\/td>\n<td width=\"334\">Cookie.<\/p>\n<p>Caducidad inicio sesi\u00f3n.<\/td>\n<\/tr>\n<\/tbody>\n<\/table>\n<p>&nbsp;<\/p>\n<p>COOKIES\u00a0 .vimeo.com<\/p>\n<table>\n<tbody>\n<tr>\n<td width=\"335\"><strong>player<\/strong><\/td>\n<td width=\"334\">Cookie.<\/p>\n<p>Caducidad 1 a\u00f1o.<\/td>\n<\/tr>\n<tr>\n<td width=\"335\"><strong>vuid<\/strong><\/td>\n<td width=\"334\">Cookie.<\/p>\n<p>Caducidad 2 a\u00f1os.<\/td>\n<\/tr>\n<tr>\n<td width=\"335\"><strong>__cf_bm<\/strong><\/td>\n<td width=\"334\">Cookie.<\/p>\n<p>Caducidad 30 minutos.<\/td>\n<\/tr>\n<tr>\n<td width=\"335\"><strong>\u00a0<\/strong><\/p>\n<p><strong>_cfuvid<\/strong><\/td>\n<td width=\"334\">Cookie.<\/p>\n<p>Caducidad al finalizar sesi\u00f3n.<\/td>\n<\/tr>\n<\/tbody>\n<\/table>\n<p><strong>\u00a0<\/strong><\/p>\n<h2><strong>C\u00f3mo desactivar o eliminar las cookies<\/strong><\/h2>\n<p>Puede usted permitir, bloquear o eliminarlas cookies instaladas en su equipo mediante la configuraci\u00f3n de las opciones del navegador instalado en su ordenador.<\/p>\n<p>&nbsp;<\/p>\n<p>V\u00e9anse los siguientes enlaces:<\/p>\n<ul>\n<li>Internet Explorer: <a href=\"http:\/\/windows.microsoft.com\/es-xl\/internet-explorer\/delete-manage-cookies#ie=ie-9\">http:\/\/windows.microsoft.com\/es-xl\/internet-explorer\/delete-manage-cookies#ie=ie-9<\/a><\/li>\n<li>FireFox: <a href=\"http:\/\/support.mozilla.org\/es\/kb\/Borrar%20cookies\">http:\/\/support.mozilla.org\/es\/kb\/Borrar%20cookies<\/a><\/li>\n<li>Chrome: <a href=\"https:\/\/support.google.com\/chrome\/answer\/95647\">https:\/\/support.google.com\/chrome\/answer\/95647<\/a><\/li>\n<li>Safari: <a href=\"http:\/\/www.apple.com\/es\/privacy\/use-of-cookies\/\">http:\/\/www.apple.com\/es\/privacy\/use-of-cookies\/<\/a><\/li>\n<\/ul>\n<p>Para eliminar las cookies flash, hacer clic aqu\u00ed: <u><a href=\"http:\/\/www.adobe.com\/privacy\/opt-out.html\">http:\/\/www.adobe.com\/privacy\/opt-out.html<\/a><\/u><\/p>\n<p>&nbsp;<\/p>\n<p>Pol\u00edtica de cookies revisada noviembre 2025<\/p>\n","protected":false},"excerpt":{"rendered":"<p>POL\u00cdTICA DE COOKIES Qu\u00e9 son las cookies? Una cookie es un fichero que se descarga en su ordenador al acceder a determinadas p\u00e1ginas web. Las cookies permiten a una p\u00e1gina&#8230;<\/p>\n","protected":false},"author":1,"featured_media":0,"parent":0,"menu_order":0,"comment_status":"closed","ping_status":"closed","template":"","meta":{"footnotes":""},"class_list":["post-485","page","type-page","status-publish"],"_links":{"self":[{"href":"https:\/\/www.jorgeaj.com\/dev\/manuelsanchez\/sanra\/wp-json\/wp\/v2\/pages\/485","targetHints":{"allow":["GET"]}}],"collection":[{"href":"https:\/\/www.jorgeaj.com\/dev\/manuelsanchez\/sanra\/wp-json\/wp\/v2\/pages"}],"about":[{"href":"https:\/\/www.jorgeaj.com\/dev\/manuelsanchez\/sanra\/wp-json\/wp\/v2\/types\/page"}],"author":[{"embeddable":true,"href":"https:\/\/www.jorgeaj.com\/dev\/manuelsanchez\/sanra\/wp-json\/wp\/v2\/users\/1"}],"replies":[{"embeddable":true,"href":"https:\/\/www.jorgeaj.com\/dev\/manuelsanchez\/sanra\/wp-json\/wp\/v2\/comments?post=485"}],"version-history":[{"count":1,"href":"https:\/\/www.jorgeaj.com\/dev\/manuelsanchez\/sanra\/wp-json\/wp\/v2\/pages\/485\/revisions"}],"predecessor-version":[{"id":1926,"href":"https:\/\/www.jorgeaj.com\/dev\/manuelsanchez\/sanra\/wp-json\/wp\/v2\/pages\/485\/revisions\/1926"}],"wp:attachment":[{"href":"https:\/\/www.jorgeaj.com\/dev\/manuelsanchez\/sanra\/wp-json\/wp\/v2\/media?parent=485"}],"curies":[{"name":"wp","href":"https:\/\/api.w.org\/{rel}","templated":true}]}}